{"id":802,"date":"2014-05-22T14:29:20","date_gmt":"2014-05-22T12:29:20","guid":{"rendered":"http:\/\/www.hallia-venezia.eu\/wordpress\/?page_id=802"},"modified":"2023-01-24T17:06:59","modified_gmt":"2023-01-24T16:06:59","slug":"contacts","status":"publish","type":"page","link":"https:\/\/www.hallia-venezia.eu\/fr\/contacts\/","title":{"rendered":"Contact"},"content":{"rendered":"<div  class='flex_column av-1yc7ki-f2fe1077dd6ca570c2157726640b2163 av_one_full  avia-builder-el-0  el_before_av_heading  avia-builder-el-first  first flex_column_div  '     ><section  class='av_textblock_section av-kja37rvl-711594c81b6eca4d579b8073b424b656 '   itemscope=\"itemscope\" itemtype=\"https:\/\/schema.org\/CreativeWork\" ><div class='avia_textblock'  itemprop=\"text\" ><p><div class=\"leaflet-map WPLeafletMap\" style=\"height:400px; width:100%;\"><\/div><script>\nwindow.WPLeafletMapPlugin = window.WPLeafletMapPlugin || [];\nwindow.WPLeafletMapPlugin.push(function WPLeafletMapShortcode() {\/*<script>*\/\nvar baseUrl = atob('aHR0cHM6Ly90aWxlLm9wZW5zdHJlZXRtYXAub3JnL3t6fS97eH0ve3l9LnBuZw==');\nvar base = (!baseUrl && window.MQ) ?\n    window.MQ.mapLayer() : L.tileLayer(baseUrl,\n        L.Util.extend({}, {\n            detectRetina: 0,\n        },\n        {\"subdomains\":\"abc\",\"noWrap\":false,\"maxZoom\":19}        )\n    );\n    var options = L.Util.extend({}, {\n        layers: [base],\n        attributionControl: false\n    },\n    {\"zoomControl\":true,\"scrollWheelZoom\":false,\"doubleClickZoom\":false,\"fitBounds\":false,\"minZoom\":0,\"maxZoom\":19,\"maxBounds\":null,\"attribution\":\"<a href=\\\"http:\\\/\\\/leafletjs.com\\\" title=\\\"Une biblioth\\u00e8que JS pour des cartes interactives\\\">Leaflet<\\\/a>; \\u00a9 <a href=\\\"http:\\\/\\\/www.openstreetmap.org\\\/copyright\\\">OpenStreetMap<\\\/a> contributeurs\\\/contributrices\"},\n    {});\nwindow.WPLeafletMapPlugin.createMap(options).setView([49.112488820038,9.7380065917969],11);});<\/script><br \/>\n<script>\nwindow.WPLeafletMapPlugin = window.WPLeafletMapPlugin || [];\nwindow.WPLeafletMapPlugin.push(function WPLeafletMarkerShortcode() {\/*<script>*\/\nvar map = window.WPLeafletMapPlugin.getCurrentMap();\nvar group = window.WPLeafletMapPlugin.getCurrentGroup();\nvar marker_options = window.WPLeafletMapPlugin.getIconOptions({});\nvar marker = L.marker(\n    [49.11249249452,9.7371375560761],\n    marker_options\n);\nvar is_image = map.is_image_map;\nif (marker_options.draggable) {\n    marker.on('dragend', function () {\n        var latlng = this.getLatLng();\n        var lat = latlng.lat;\n        var lng = latlng.lng;\n        if (is_image) {\n            console.log('leaflet-marker y=' + lat + ' x=' + lng);\n        } else {\n            console.log('leaflet-marker lat=' + lat + ' lng=' + lng);\n        }\n    });\n}\nmarker.addTo( group );\nwindow.WPLeafletMapPlugin.markers.push( marker );\n        });<\/script><\/p>\n<\/div><\/section><\/div>\n\n<style type=\"text\/css\" data-created_by=\"avia_inline_auto\" id=\"style-css-av-6tqaq-edddab66b6f5e239b9d273c4a243dea3\">\n#top .av-special-heading.av-6tqaq-edddab66b6f5e239b9d273c4a243dea3{\npadding-bottom:10px;\n}\nbody .av-special-heading.av-6tqaq-edddab66b6f5e239b9d273c4a243dea3 .av-special-heading-tag .heading-char{\nfont-size:25px;\n}\n.av-special-heading.av-6tqaq-edddab66b6f5e239b9d273c4a243dea3 .av-subheading{\nfont-size:15px;\n}\n<\/style>\n<div  class='av-special-heading av-6tqaq-edddab66b6f5e239b9d273c4a243dea3 av-special-heading-h2 meta-heading blockquote modern-quote  avia-builder-el-2  el_after_av_one_full  el_before_av_hr '><h2 class='av-special-heading-tag '  itemprop=\"headline\"  >Contact<\/h2><div class=\"special-heading-border\"><div class=\"special-heading-inner-border\"><\/div><\/div><\/div>\n\n<style type=\"text\/css\" data-created_by=\"avia_inline_auto\" id=\"style-css-av-1le0e2-0657393cf851511a18dc26ca612cbc79\">\n#top .hr.hr-invisible.av-1le0e2-0657393cf851511a18dc26ca612cbc79{\nheight:25px;\n}\n<\/style>\n<div  class='hr av-1le0e2-0657393cf851511a18dc26ca612cbc79 hr-invisible  avia-builder-el-3  el_after_av_heading  el_before_av_one_half '><span class='hr-inner '><span class=\"hr-inner-style\"><\/span><\/span><\/div>\n<div  class='flex_column av-1h072a-d3b0da9e7c33ffb6a025d588965c25e5 av_one_half  avia-builder-el-4  el_after_av_hr  el_before_av_one_half  first flex_column_div  '     ><section  class='av_textblock_section av-g76i-b173e5e3c2445c30f3cb35881b507ab7 '   itemscope=\"itemscope\" itemtype=\"https:\/\/schema.org\/CreativeWork\" ><div class='avia_textblock'  itemprop=\"text\" ><address style=\"font-style: inherit; color: #919191;\"><span style=\"font-weight: inherit; font-style: inherit; font-size: 12pt;\">Voulez-vous participer ou avez-vous des questions ou suggestions ? N\u2019h\u00e9sitez pas \u00e0 nous appeler.<\/span><\/address>\n<address style=\"font-style: inherit; color: #919191;\">\u00a0<span style=\"font-style: inherit;\">\u00a0<\/span><\/address>\n<address style=\"font-style: inherit; color: #919191;\"><span style=\"font-weight: inherit; font-style: inherit; font-size: 12pt;\">Vous \u00eates invit\u00e9s \u00e0 utiliser le formulaire ci-contre.<\/span><\/address>\n<address style=\"font-style: inherit; color: #919191;\"><span style=\"font-size: 12pt;\">\u00a0<\/span><span style=\"font-size: 12pt; font-style: inherit;\">\u00a0<\/span><\/address>\n<h3 style=\"font-style: inherit; color: #919191;\"><span style=\"font-weight: inherit; font-style: inherit; font-size: 12pt;\">HALLia-VENEZiA\u00a0e.V.<\/span><\/h3>\n<address style=\"font-style: inherit; color: #919191;\">\n<address><span style=\"font-size: 14pt;\">Nikola Weller<\/span><\/address>\n<address><span style=\"font-size: 14pt;\">Friedrich-List-Weg 23<\/span><br \/>\n<span style=\"font-size: 14pt;\"> 74523 Schw\u00e4bisch Hall<\/span><\/address>\n<\/address>\n<\/div><\/section><\/div>\n<style type=\"text\/css\" data-created_by=\"avia_inline_auto\" id=\"style-css-av-10ins2-249c2a07a8e57a5a2ad42634733ae06b\">\n.flex_column.av-10ins2-249c2a07a8e57a5a2ad42634733ae06b{\nborder-radius:0px 0px 0px 0px;\npadding:0px 0px 0px 0px;\n}\n<\/style>\n<div  class='flex_column av-10ins2-249c2a07a8e57a5a2ad42634733ae06b av_one_half  avia-builder-el-6  el_after_av_one_half  avia-builder-el-last  flex_column_div av-zero-column-padding  '     ><form action=\"https:\/\/www.hallia-venezia.eu\/fr\/contacts\/\" method=\"post\" data-fields-with-error=\"Erreurs trouv\u00e9es dans les champs suivants :\" class=\"avia_ajax_form av-form-labels-visible   avia-builder-el-7  avia-builder-el-no-sibling   \" data-avia-form-id=\"1\" data-avia-redirect='' ><h3 class=''>Envoyer un email<\/h3><fieldset><p class='  first_form  form_element form_fullwidth' id='element_avia_1_1'><label for=\"avia_1_1\">Nom <abbr class=\"required\" title=\"requis(e)\">*<\/abbr><\/label> <input name=\"avia_1_1\" class=\"text_input is_empty\" type=\"text\" id=\"avia_1_1\" value=\"\" \/><\/p><p class='  first_form  form_element form_fullwidth' id='element_avia_2_1'><label for=\"avia_2_1\">E-Mail <abbr class=\"required\" title=\"requis(e)\">*<\/abbr><\/label> <input name=\"avia_2_1\" class=\"text_input is_email\" type=\"text\" id=\"avia_2_1\" value=\"\" \/><\/p><p class='  first_form  form_element form_fullwidth' id='element_avia_3_1'><label for=\"avia_3_1\">Sujet <abbr class=\"required\" title=\"requis(e)\">*<\/abbr><\/label> <input name=\"avia_3_1\" class=\"text_input is_empty\" type=\"text\" id=\"avia_3_1\" value=\"\" \/><\/p><p class='  first_form  form_element form_fullwidth' id='element_avia_4_1'><label for=\"avia_4_1\" class=\"textare_label hidden textare_label_avia_4_1\">Message <abbr class=\"required\" title=\"requis(e)\">*<\/abbr><\/label><textarea  name=\"avia_4_1\" class=\"text_area is_empty\" cols=\"40\" rows=\"7\" id=\"avia_4_1\" ><\/textarea><\/p><p class=\"hidden\"><input type=\"text\" name=\"avia_5_1\" class=\"hidden \" id=\"avia_5_1\" value=\"\" \/><\/p><div id='avia_6_1' class='av-recaptcha-area  first_form  form_element form_fullwidth '  data-container_class=\"\" data-custom_class=\"\" data-context=\"av_contact_form\" data-token_input=\"av_recaptcha_token\" data-version=\"avia_recaptcha_v2\" data-theme=\"light\" data-size=\"normal\" data-score=\"0.5\" data-text_to_preview=\"\" data-value=\"\"><div class=\"av-google-badge-message hidden\">Ce site est prot\u00e9g\u00e9 par reCAPTCHA et la <a href=\"https:\/\/policies.google.com\/privacy\">politique de confidentialit\u00e9<\/a> de Google et <a href=\"https:\/\/policies.google.com\/terms\">leur conditions d\u2019utilisation<\/a> s\u2019appliquent.<\/div><\/div><p class=\"form_element \"><input type=\"hidden\" value=\"1\" name=\"avia_generated_form1\" \/><input type=\"submit\" value=\"Envoyer\" class=\"button\"  data-sending-label=\"Envoi\"\/><\/p><\/fieldset><div class=\"avia-disabled-form\">Ce formulaire est d\u00e9sactiv\u00e9 dans la mesure o\u00f9 vous refusez d\u2019accepter le service Google reCAPTCHA n\u00e9cessaire pour valider toute exp\u00e9dition de message depuis celui-ci.<\/div><\/form><div id=\"ajaxresponse_1\" class=\"ajaxresponse ajaxresponse_1 hidden\"><\/div><\/div><\/p>","protected":false},"excerpt":{"rendered":"","protected":false},"author":1,"featured_media":0,"parent":0,"menu_order":5,"comment_status":"closed","ping_status":"closed","template":"","meta":{"footnotes":""},"class_list":["post-802","page","type-page","status-publish","hentry"],"_links":{"self":[{"href":"https:\/\/www.hallia-venezia.eu\/fr\/wp-json\/wp\/v2\/pages\/802","targetHints":{"allow":["GET"]}}],"collection":[{"href":"https:\/\/www.hallia-venezia.eu\/fr\/wp-json\/wp\/v2\/pages"}],"about":[{"href":"https:\/\/www.hallia-venezia.eu\/fr\/wp-json\/wp\/v2\/types\/page"}],"author":[{"embeddable":true,"href":"https:\/\/www.hallia-venezia.eu\/fr\/wp-json\/wp\/v2\/users\/1"}],"replies":[{"embeddable":true,"href":"https:\/\/www.hallia-venezia.eu\/fr\/wp-json\/wp\/v2\/comments?post=802"}],"version-history":[{"count":16,"href":"https:\/\/www.hallia-venezia.eu\/fr\/wp-json\/wp\/v2\/pages\/802\/revisions"}],"predecessor-version":[{"id":72647,"href":"https:\/\/www.hallia-venezia.eu\/fr\/wp-json\/wp\/v2\/pages\/802\/revisions\/72647"}],"wp:attachment":[{"href":"https:\/\/www.hallia-venezia.eu\/fr\/wp-json\/wp\/v2\/media?parent=802"}],"curies":[{"name":"wp","href":"https:\/\/api.w.org\/{rel}","templated":true}]}}