{"id":50,"date":"2014-05-19T21:03:08","date_gmt":"2014-05-19T19:03:08","guid":{"rendered":"http:\/\/www.hallia-venezia.eu\/wordpress\/?page_id=50"},"modified":"2018-02-22T17:50:34","modified_gmt":"2018-02-22T16:50:34","slug":"nous","status":"publish","type":"page","link":"https:\/\/www.hallia-venezia.eu\/fr\/nous\/","title":{"rendered":"nous"},"content":{"rendered":"\n<style type=\"text\/css\" data-created_by=\"avia_inline_auto\" id=\"style-css-av-av_image-64257761a2aadbdea1e612a1726425b9\">\n.avia-image-container.av-av_image-64257761a2aadbdea1e612a1726425b9 img.avia_image{\nbox-shadow:none;\n}\n.avia-image-container.av-av_image-64257761a2aadbdea1e612a1726425b9 .av-image-caption-overlay-center{\ncolor:#ffffff;\n}\n<\/style>\n<div  class='avia-image-container av-av_image-64257761a2aadbdea1e612a1726425b9 av-styling-no-styling avia-align-center  avia-builder-el-0  el_before_av_heading  avia-builder-el-first '   itemprop=\"image\" itemscope=\"itemscope\" itemtype=\"https:\/\/schema.org\/ImageObject\" ><div class=\"avia-image-container-inner\"><div class=\"avia-image-overlay-wrap\"><img decoding=\"async\" fetchpriority=\"high\" class='wp-image-1556 avia-img-lazy-loading-not-1556 avia_image ' src=\"https:\/\/www.hallia-venezia.eu\/wordpress\/wp-content\/uploads\/2014\/05\/Titel-\u00fcberuns1114x510_.jpg\" alt='' title='Titel-\u00fcberuns1114x510_'  height=\"510\" width=\"1114\"  itemprop=\"thumbnailUrl\" srcset=\"https:\/\/www.hallia-venezia.eu\/wordpress\/wp-content\/uploads\/2014\/05\/Titel-\u00fcberuns1114x510_.jpg 1114w, https:\/\/www.hallia-venezia.eu\/wordpress\/wp-content\/uploads\/2014\/05\/Titel-\u00fcberuns1114x510_-300x137.jpg 300w, https:\/\/www.hallia-venezia.eu\/wordpress\/wp-content\/uploads\/2014\/05\/Titel-\u00fcberuns1114x510_-1030x471.jpg 1030w, https:\/\/www.hallia-venezia.eu\/wordpress\/wp-content\/uploads\/2014\/05\/Titel-\u00fcberuns1114x510_-705x322.jpg 705w, https:\/\/www.hallia-venezia.eu\/wordpress\/wp-content\/uploads\/2014\/05\/Titel-\u00fcberuns1114x510_-450x206.jpg 450w\" sizes=\"(max-width: 1114px) 100vw, 1114px\" \/><\/div><\/div><\/div>\n\n<style type=\"text\/css\" data-created_by=\"avia_inline_auto\" id=\"style-css-av-av_heading-98a625d04ee6bb16d08d3ffa3c6c82cf\">\n#top .av-special-heading.av-av_heading-98a625d04ee6bb16d08d3ffa3c6c82cf{\npadding-bottom:10px;\n}\nbody .av-special-heading.av-av_heading-98a625d04ee6bb16d08d3ffa3c6c82cf .av-special-heading-tag .heading-char{\nfont-size:25px;\n}\n.av-special-heading.av-av_heading-98a625d04ee6bb16d08d3ffa3c6c82cf .av-subheading{\nfont-size:15px;\n}\n<\/style>\n<div  class='av-special-heading av-av_heading-98a625d04ee6bb16d08d3ffa3c6c82cf av-special-heading-h1 meta-heading blockquote modern-quote  avia-builder-el-1  el_after_av_image  el_before_av_hr '><h1 class='av-special-heading-tag '  itemprop=\"headline\"  >A propos de nous<\/h1><div class=\"special-heading-border\"><div class=\"special-heading-inner-border\"><\/div><\/div><\/div>\n\n<style type=\"text\/css\" data-created_by=\"avia_inline_auto\" id=\"style-css-av-av_hr-2683186cf6c434c3fdebf44adb9dc21f\">\n#top .hr.hr-invisible.av-av_hr-2683186cf6c434c3fdebf44adb9dc21f{\nheight:20px;\n}\n<\/style>\n<div  class='hr av-av_hr-2683186cf6c434c3fdebf44adb9dc21f hr-invisible  avia-builder-el-2  el_after_av_heading  el_before_av_textblock '><span class='hr-inner '><span class=\"hr-inner-style\"><\/span><\/span><\/div>\n<section  class='av_textblock_section av-av_textblock-d6f9580a14a12f3e6487be244d7d664b '   itemscope=\"itemscope\" itemtype=\"https:\/\/schema.org\/CreativeWork\" ><div class='avia_textblock'  itemprop=\"text\" ><p><span style=\"font-size: 12pt;\">Inspir\u00e9 par le \u00ab\u00a0Carnevale di Venezia\u00a0\u00bb et la belle ville historique de Schw\u00e4bisch Hall, certains citoyens ont fond\u00e9 Hallia Veneziaen 1998 selon le mod\u00e8le du carneval v\u00e9nitien.<\/span><\/p>\n<p><span style=\"font-size: 12pt;\">Seulement, un an apr\u00e8s sa cr\u00e9ation, Hallia Venezia fut un grand succ\u00e8s. D\u00e8s lors, huit jours avant mardi gras, de nombreux personnages imaginaires peuplent les rues m\u00e9di\u00e9vales de Schw\u00e4bisch Hall o\u00f9 le festival des masques y a trouv\u00e9 un foyer.<\/span><\/p>\n<p><span style=\"font-size: 12pt;\">L&rsquo;\u00e9v\u00e9nement impressionnant a depuis \u00e9t\u00e9 organis\u00e9 par un petit groupe des personnes tr\u00e8s engag\u00e9es. En Avril 2007, Hallia Venezia est devenue une association. N\u00e9anmoins chacun peut y participer.\u00a0<\/span><\/p>\n<p><span style=\"font-size: 12pt;\">Les membres de Hallia Venezia produisent et financent leurs masques eux-m\u00eames. Les artistes font un moulage en pl\u00e2tre de leur propre visage pour ensuite former et bricoler les masques r\u00e9els avec du papier et de la colle. Le masque est l\u00e9ger comme une plume. De nombreuses heures de travail s&rsquo;\u00e9coulent \u00e9galement dans la fabrication du costume. Les confectionneurs de masques n<span style=\"text-decoration: line-through;\">&lsquo;<\/span>ont aucune limite \u00e0 leur imagination et cr\u00e9ativit\u00e9.<\/span><\/p>\n<p><span style=\"font-size: 12pt;\">Les masques et les costumes s\u2019animent le jeu rituel de masque. L&rsquo;essence du masque est pr\u00e9sent. Les acteurs avancent lentement, souvent ils restent dans le geste. Le contact n\u2019existe qu\u2019en apparence et parler sous le masque n&rsquo;est g\u00e9n\u00e9ralement pas autoris\u00e9. Le geste se transforme en langage.<\/span><\/p>\n<p><span style=\"font-size: 12pt;\">R\u00e9jouissez-vous des costumes color\u00e9s et des masques fantaisistes. Laissez-vous en inspirer. Peut-\u00eatre participerez-vous l&rsquo;ann\u00e9e prochaine m\u00eame en tant qu&rsquo;acteur.<\/span><\/p>\n<\/div><\/section>\n\n<style type=\"text\/css\" data-created_by=\"avia_inline_auto\" id=\"style-css-av-av_hr-37db7774972b8d591729063a7f1a425c\">\n#top .hr.hr-invisible.av-av_hr-37db7774972b8d591729063a7f1a425c{\nheight:50px;\n}\n<\/style>\n<div  class='hr av-av_hr-37db7774972b8d591729063a7f1a425c hr-invisible'><span class='hr-inner '><span class=\"hr-inner-style\"><\/span><\/span><\/div>","protected":false},"excerpt":{"rendered":"","protected":false},"author":1,"featured_media":0,"parent":0,"menu_order":3,"comment_status":"closed","ping_status":"closed","template":"","meta":{"footnotes":""},"class_list":["post-50","page","type-page","status-publish","hentry"],"_links":{"self":[{"href":"https:\/\/www.hallia-venezia.eu\/fr\/wp-json\/wp\/v2\/pages\/50","targetHints":{"allow":["GET"]}}],"collection":[{"href":"https:\/\/www.hallia-venezia.eu\/fr\/wp-json\/wp\/v2\/pages"}],"about":[{"href":"https:\/\/www.hallia-venezia.eu\/fr\/wp-json\/wp\/v2\/types\/page"}],"author":[{"embeddable":true,"href":"https:\/\/www.hallia-venezia.eu\/fr\/wp-json\/wp\/v2\/users\/1"}],"replies":[{"embeddable":true,"href":"https:\/\/www.hallia-venezia.eu\/fr\/wp-json\/wp\/v2\/comments?post=50"}],"version-history":[{"count":13,"href":"https:\/\/www.hallia-venezia.eu\/fr\/wp-json\/wp\/v2\/pages\/50\/revisions"}],"predecessor-version":[{"id":3246,"href":"https:\/\/www.hallia-venezia.eu\/fr\/wp-json\/wp\/v2\/pages\/50\/revisions\/3246"}],"wp:attachment":[{"href":"https:\/\/www.hallia-venezia.eu\/fr\/wp-json\/wp\/v2\/media?parent=50"}],"curies":[{"name":"wp","href":"https:\/\/api.w.org\/{rel}","templated":true}]}}